{"id":16,"date":"2017-02-20T18:15:59","date_gmt":"2017-02-20T18:15:59","guid":{"rendered":"http:\/\/www.tempestas.ch\/fsoe\/?page_id=16"},"modified":"2023-07-04T18:12:59","modified_gmt":"2023-07-04T18:12:59","slug":"kontakt","status":"publish","type":"page","link":"https:\/\/www.fsoe.ch\/?page_id=16","title":{"rendered":"Kontakt"},"content":{"rendered":"<p>Interessent*innen m\u00fcssen eine eigene Waffe besitzen und den sicheren Umgang damit beherrschen. Der Verein bietet keine Schiesskurse f\u00fcr Erwachsenen an.<\/p>\n<p>\u00dcber dieses Kontaktformular k\u00f6nnen Sie uns erreichen:<\/p>\n<style type=\"text\/css\" id=\"cspFormShell_11_544350_style\">#cspFormShell_11_544350 {}\n#cspFormShell_11_544350 label {\n\twidth: 100%;\n}\n\/*Fields shell basic*\/\n#cspFormShell_11_544350 input:not([type=\"checkbox\"]):not([type=\"radio\"]),\n#cspFormShell_11_544350 textarea,\n#cspFormShell_11_544350 .cfsListSelect, \n#cspFormShell_11_544350 .cfsCheck,\n#cspFormShell_11_544350 button{\n    padding: 10px;\n    width: 100%;\n    font-size: 18px;\n    line-height: normal;  \tborder: 1px solidrgba(51,51,51,0.1);\n    color:rgba(51,51,51,0.7);\n  \tbackground-color:#f7f7f7;    hyphens: none;\n    border-radius: 0;\n    margin: 0;\n    max-width: 100%;\n    vertical-align: baseline;\n  \tdisplay: block;\n  \theight: auto;\n}\n#cspFormShell_11_544350 .cfsFieldShell input[type=\"submit\"]:not([type=\"checkbox\"]):not([type=\"radio\"]), \n#cspFormShell_11_544350 .cfsFieldShell input[type=\"reset\"]:not([type=\"checkbox\"]):not([type=\"radio\"]), \n#cspFormShell_11_544350 .cfsFieldShell input[type=\"button\"],\n#cspFormShell_11_544350 .cfsFieldShell button {\n\tcursor: pointer;\n  \tfont-weight: 700;\n    border: 0 none;\n    color: #fff;\n    text-transform: uppercase;\n  \t-webkit-appearance: none;\n}\n#cspFormShell_11_544350 .cfsFieldShell input[type=\"submit\"]:not([type=\"checkbox\"]):not([type=\"radio\"]), \n#cspFormShell_11_544350 .cfsFieldShell input[type=\"button\"],\n#cspFormShell_11_544350 .cfsFieldShell button {  \tbackground-color: #333333;\n  \tbackground-image: none;}\n#cspFormShell_11_544350 .cfsFieldShell input[type=\"submit\"]:not([type=\"checkbox\"]):not([type=\"radio\"]):hover, \n#cspFormShell_11_544350 .cfsFieldShell input[type=\"button\"]:hover,\n#cspFormShell_11_544350 .cfsFieldShell button:hover {  \tbackground-color:rgba(51,51,51,0.7);}\n#cspFormShell_11_544350 .cfsFieldShell input[type=\"reset\"]:not([type=\"checkbox\"]):not([type=\"radio\"]) {  \tbackground-color: #333333;\n  \tbackground-image: none;}\n#cspFormShell_11_544350 .cfsFieldShell input[type=\"reset\"]:not([type=\"checkbox\"]):not([type=\"radio\"]):hover {  \tbackground-color:rgba(51,51,51,0.7);}\n\/* Placeholder text color -- selectors need to be separate to work. *\/\n#cspFormShell_11_544350 ::-webkit-input-placeholder {\n\tcolor: rgba(51, 51, 51, 0.7);\n}\n#cspFormShell_11_544350 :-moz-placeholder {\n\tcolor: rgba(51, 51, 51, 0.7);\n}\n#cspFormShell_11_544350 ::-moz-placeholder {\n\tcolor: rgba(51, 51, 51, 0.7);\n\topacity: 1; \/* Since FF19 lowers the opacity of the placeholder by default *\/\n}\n#cspFormShell_11_544350 :-ms-input-placeholder {\n\tcolor: rgba(51, 51, 51, 0.7);\n}#cspFormShell_11_544350 { width: 100%}#cspFormShell_11_544350 .cfsSuccessMsg { color: #81d742 !important}<\/style><div id=\"cspFormShell_11_544350\" class=\"cfsFormShell\"><form class=\"csfForm\" method=\"post\" action=\"https:\/\/www.fsoe.ch\/\">\n<div class=\"supRow cfsFieldsRow\"><div class=\"supSm12 cfsFieldCol\" data-name=\"name\" data-type=\"text\"><div class=\"cfsFieldShell cfsField_text\" ><label><span class=\"cfsInputLabel\">Name&nbsp;<\/span><input type=\"text\" name=\"fields[name]\" value=\"\" data-name=\"name\" required  \/><\/label><\/div><\/div><\/div><div class=\"supRow cfsFieldsRow\"><div class=\"supSm12 cfsFieldCol\" data-name=\"email\" data-type=\"email\"><div class=\"cfsFieldShell cfsField_email\" ><label><span class=\"cfsInputLabel\">Email&nbsp;<\/span><input type=\"email\" name=\"fields[email]\" value=\"\" data-name=\"email\" required  \/><\/label><\/div><\/div><\/div><div class=\"supRow cfsFieldsRow\"><div class=\"supSm12 cfsFieldCol\" data-name=\"message\" data-type=\"textarea\"><div class=\"cfsFieldShell cfsField_textarea\" ><label><span class=\"cfsInputLabel\">Nachricht&nbsp;<\/span><textarea name=\"fields[message]\" data-name=\"message\" required  supRows=\"3\" cols=\"50\"><\/textarea><\/label><\/div><\/div><\/div><div class=\"supRow cfsFieldsRow\"><div class=\"supSm12 cfsFieldCol\" data-name=\"Captcha\" data-type=\"recaptcha\"><div class=\"cfsFieldShell cfsField_recaptcha\" ><label><span class=\"cfsInputLabel\">Captcha&nbsp;<\/span><div class=\"g-recaptcha\" data-sitekey=\"6Ldoj5YjAAAAAMPK-cKMUk9eXiePbpztoeT3c5oh\" data-theme=\"light\" data-type=\"image\" data-size=\"compact\" ><\/div><\/label><\/div><\/div><\/div><div class=\"supRow cfsFieldsRow\"><div class=\"supSm12 cfsFieldCol\" data-name=\"send\" data-type=\"submit\"><div class=\"cfsFieldShell cfsField_submit\" ><input type=\"submit\" name=\"fields[send]\" value=\"Senden\" data-name=\"send\" \/><\/div><\/div><\/div>\n<input type=\"hidden\" name=\"mod\" value=\"forms\"  \/><input type=\"hidden\" name=\"action\" value=\"contact\"  \/><input type=\"hidden\" name=\"id\" value=\"11\"  \/><input type=\"hidden\" name=\"_wpnonce\" value=\"2f66393fd1\"  \/><div class=\"cfsContactMsg\"><\/div><\/form><\/div><span style=\"display: none !important;\" class=\"cfsFormDesc\">eyJpZCI6IjExIiwibGFiZWwiOiJLb250YWt0IiwiYWN0aXZlIjoiMSIsIm9yaWdpbmFsX2lkIjoiMSIsInVuaXF1ZV9pZCI6IndlZmoyIiwicGFyYW1zIjp7ImVuYWJsZUZvck1lbWJlcnNoaXAiOiIwIiwidHBsIjp7IndpZHRoIjoiMTAwIiwid2lkdGhfbWVhc3VyZSI6IiUiLCJiZ190eXBlXzAiOiJub25lIiwiYmdfaW1nXzAiOiIiLCJiZ19jb2xvcl8wIjoiIzgxZDc0MiIsImJnX3R5cGVfMSI6ImNvbG9yIiwiYmdfaW1nXzEiOiIiLCJiZ19jb2xvcl8xIjoiIzMzMzMzMyIsImJnX3R5cGVfMiI6ImNvbG9yIiwiYmdfaW1nXzIiOiIiLCJiZ19jb2xvcl8yIjoiIzMzMzMzMyIsImJnX3R5cGVfMyI6ImNvbG9yIiwiYmdfaW1nXzMiOiIiLCJiZ19jb2xvcl8zIjoiIzMzMzMzMyIsImZpZWxkX2Vycm9yX2ludmFsaWQiOiIiLCJmb3JtX3NlbnRfbXNnIjoiQmVzdGVuIERhbmsgZlx1MDBmY3IgSWhyZSBOYWNocmljaHQhIFdpciB3ZXJkZW4gdW5zIHNvIGJhbGQgd2llIG1cdTAwZjZnbGljaCBiZWkgSWhuZW4gbWVsZGVuLiIsImZvcm1fc2VudF9tc2dfY29sb3IiOiIjODFkNzQyIiwiaGlkZV9vbl9zdWJtaXQiOiIxIiwicmVkaXJlY3Rfb25fc3VibWl0IjoiIiwidGVzdF9lbWFpbCI6ImRvbWluaWNAc3R1ZGVyLmJpeiIsInNhdmVfY29udGFjdHMiOiIxIiwiZXhwX2RlbGltIjoiOyIsImZiX2NvbnZlcnRfYmFzZSI6IiIsImZpZWxkX3dyYXBwZXIiOiI8ZGl2IFtmaWVsZF9zaGVsbF9jbGFzc2VzXSBbZmllbGRfc2hlbGxfc3R5bGVzXT5bZmllbGRdPFwvZGl2PiJ9LCJmaWVsZHMiOlt7ImJzX2NsYXNzX2lkIjoiMTIiLCJuYW1lIjoibmFtZSIsImxhYmVsIjoiTmFtZSIsInBsYWNlaG9sZGVyIjoiIiwidmFsdWUiOiIiLCJodG1sIjoidGV4dCIsIm1hbmRhdG9yeSI6IjEiLCJtaW5fc2l6ZSI6IiIsIm1heF9zaXplIjoiIiwiYWRkX2NsYXNzZXMiOiIiLCJhZGRfc3R5bGVzIjoiIiwiYWRkX2F0dHIiOiIiLCJ2bl9vbmx5X251bWJlciI6IjAiLCJ2bl9vbmx5X2xldHRlcnMiOiIwIiwidm5fcGF0dGVybiI6IjAifSx7ImJzX2NsYXNzX2lkIjoiMTIiLCJuYW1lIjoiZW1haWwiLCJsYWJlbCI6IkVtYWlsIiwicGxhY2Vob2xkZXIiOiIiLCJ2YWx1ZSI6IiIsImh0bWwiOiJlbWFpbCIsIm1hbmRhdG9yeSI6IjEiLCJtaW5fc2l6ZSI6IiIsIm1heF9zaXplIjoiIiwiYWRkX2NsYXNzZXMiOiIiLCJhZGRfc3R5bGVzIjoiIiwiYWRkX2F0dHIiOiIiLCJ2bl9vbmx5X251bWJlciI6IjAiLCJ2bl9vbmx5X2xldHRlcnMiOiIwIiwidm5fcGF0dGVybiI6IjAifSx7ImJzX2NsYXNzX2lkIjoiMTIiLCJuYW1lIjoibWVzc2FnZSIsImxhYmVsIjoiTmFjaHJpY2h0IiwicGxhY2Vob2xkZXIiOiIiLCJ2YWx1ZSI6IiIsInZhbHVlX3ByZXNldCI6IiIsImh0bWwiOiJ0ZXh0YXJlYSIsIm1hbmRhdG9yeSI6IjEiLCJtaW5fc2l6ZSI6IiIsIm1heF9zaXplIjoiIiwiYWRkX2NsYXNzZXMiOiIiLCJhZGRfc3R5bGVzIjoiIiwiYWRkX2F0dHIiOiIiLCJ2bl9vbmx5X251bWJlciI6IjAiLCJ2bl9vbmx5X2xldHRlcnMiOiIwIiwidm5fcGF0dGVybiI6IjAiLCJ2bl9lcXVhbCI6IiJ9LHsiYnNfY2xhc3NfaWQiOiIxMiIsIm5hbWUiOiJDYXB0Y2hhIiwibGFiZWwiOiJDYXB0Y2hhIiwiaHRtbCI6InJlY2FwdGNoYSIsInRlcm1zIjoiIiwicmVjYXAtdGhlbWUiOiJsaWdodCIsInJlY2FwLXR5cGUiOiJpbWFnZSIsInJlY2FwLXNpemUiOiJjb21wYWN0In0seyJic19jbGFzc19pZCI6IjEyIiwibmFtZSI6InNlbmQiLCJsYWJlbCI6IlNlbmRlbiIsImh0bWwiOiJzdWJtaXQiLCJhZGRfY2xhc3NlcyI6IiIsImFkZF9zdHlsZXMiOiIiLCJhZGRfYXR0ciI6IiJ9XSwib3B0c19hdHRycyI6eyJiZ19udW1iZXIiOiI0In19LCJpbWdfcHJldmlldyI6ImJhc2UtY29udGFjdC5qcGciLCJ2aWV3cyI6IjE5ODUiLCJ1bmlxdWVfdmlld3MiOiIxMDM4IiwiYWN0aW9ucyI6IjM2MyIsInNvcnRfb3JkZXIiOiIxMCIsImlzX3BybyI6IjAiLCJhYl9pZCI6IjAiLCJkYXRlX2NyZWF0ZWQiOiIyMDE2LTA1LTAzIDE1OjAxOjAzIiwiaW1nX3ByZXZpZXdfdXJsIjoiaHR0cHM6XC9cL3d3dy5mc29lLmNoXC93cC1jb250ZW50XC9wbHVnaW5zXC9jb250YWN0LWZvcm0tYnktc3Vwc3lzdGljXC9hc3NldHNcL2Zvcm1zXC9pbWdcL3ByZXZpZXdcL2Jhc2UtY29udGFjdC5qcGciLCJ2aWV3X2lkIjoiMTFfNTQ0MzUwIiwidmlld19odG1sX2lkIjoiY3NwRm9ybVNoZWxsXzExXzU0NDM1MCIsImNvbm5lY3RfaGFzaCI6IjAwMTM1ZGU4MDZhZWJhODVmM2JiMGJhNzQ5ZjhmNDkyIn0=<\/span>\n","protected":false},"excerpt":{"rendered":"<p>Interessent*innen m\u00fcssen eine eigene Waffe besitzen und den sicheren Umgang damit beherrschen. Der Verein bietet keine Schiesskurse f\u00fcr Erwachsenen an. \u00dcber dieses Kontaktformular k\u00f6nnen Sie uns erreichen:<\/p>\n","protected":false},"author":1,"featured_media":0,"parent":0,"menu_order":0,"comment_status":"closed","ping_status":"closed","template":"","meta":{"footnotes":""},"class_list":["post-16","page","type-page","status-publish","hentry"],"_links":{"self":[{"href":"https:\/\/www.fsoe.ch\/index.php?rest_route=\/wp\/v2\/pages\/16","targetHints":{"allow":["GET"]}}],"collection":[{"href":"https:\/\/www.fsoe.ch\/index.php?rest_route=\/wp\/v2\/pages"}],"about":[{"href":"https:\/\/www.fsoe.ch\/index.php?rest_route=\/wp\/v2\/types\/page"}],"author":[{"embeddable":true,"href":"https:\/\/www.fsoe.ch\/index.php?rest_route=\/wp\/v2\/users\/1"}],"replies":[{"embeddable":true,"href":"https:\/\/www.fsoe.ch\/index.php?rest_route=%2Fwp%2Fv2%2Fcomments&post=16"}],"version-history":[{"count":8,"href":"https:\/\/www.fsoe.ch\/index.php?rest_route=\/wp\/v2\/pages\/16\/revisions"}],"predecessor-version":[{"id":118,"href":"https:\/\/www.fsoe.ch\/index.php?rest_route=\/wp\/v2\/pages\/16\/revisions\/118"}],"wp:attachment":[{"href":"https:\/\/www.fsoe.ch\/index.php?rest_route=%2Fwp%2Fv2%2Fmedia&parent=16"}],"curies":[{"name":"wp","href":"https:\/\/api.w.org\/{rel}","templated":true}]}}