{"id":97,"date":"2018-04-05T07:01:37","date_gmt":"2018-04-05T07:01:37","guid":{"rendered":"https:\/\/www.fsoe.ch\/?page_id=97"},"modified":"2019-03-29T10:21:52","modified_gmt":"2019-03-29T10:21:52","slug":"ueber-uns","status":"publish","type":"page","link":"https:\/\/www.fsoe.ch\/","title":{"rendered":"\u00dcber uns"},"content":{"rendered":"<p>Der <strong>Feldsch\u00fctzenverein Oberengstringen<\/strong> ist ein moderner Sch\u00fctzenverein mit langer Geschichte. Gegr\u00fcndet im Jahr 1876 f\u00f6rdert der Verein das sportliche Schiessen. Der Verein besteht aus einer Gewehrsektion (300m) und einer Pistolensektion (25m\/50m). Die Trainings finden auf der\u00a0<a href=\"http:\/\/www.spgh.ch\" target=\"_blank\" rel=\"noopener\">Schiessanlage H\u00f6nggerberg <\/a>statt.<\/p>\n<p>Der FSOE setzt sich zudem aktiv f\u00fcr die Ausbildung von Jugend- und Jungsch\u00fctzen ein. Aktuell trainieren 16 Jugendliche regelm\u00e4ssig in unserem Jugend- oder Jungsch\u00fctzenkurs.<\/p>\n<p>Der Jugendkurs steht Jugendlichen von 10 bis 14 Jahren offen. 15 bis 20-J\u00e4hrige k\u00f6nnen am Jungsch\u00fctzenkurs teilnehmen.<br \/>\nDie Kurse beginnen jeweils im M\u00e4rz und enden im September. Eine Anmeldung f\u00fcr den Kurs im aktuellen Jahr muss deshalb bis sp\u00e4testens Februar erfolgen.<\/p>\n<p>Interessenten erreichen uns \u00fcber das <a href=\"https:\/\/www.fsoe.ch\/?page_id=16\">Kontaktformular<\/a>.<\/p>\n","protected":false},"excerpt":{"rendered":"<p>Der Feldsch\u00fctzenverein Oberengstringen ist ein moderner Sch\u00fctzenverein mit langer Geschichte. Gegr\u00fcndet im Jahr 1876 f\u00f6rdert der Verein das sportliche Schiessen. Der Verein besteht aus einer Gewehrsektion (300m) und einer Pistolensektion (25m\/50m). Die Trainings finden auf der\u00a0Schiessanlage H\u00f6nggerberg statt. Der FSOE setzt sich zudem aktiv f\u00fcr die Ausbildung von Jugend- und Jungsch\u00fctzen ein. Aktuell trainieren 16 &hellip; <a href=\"https:\/\/www.fsoe.ch\/\" class=\"more-link\"><span class=\"screen-reader-text\">\u00dcber uns<\/span> weiterlesen<\/a><\/p>\n","protected":false},"author":1,"featured_media":25,"parent":0,"menu_order":0,"comment_status":"closed","ping_status":"closed","template":"","meta":{"footnotes":""},"class_list":["post-97","page","type-page","status-publish","has-post-thumbnail","hentry"],"_links":{"self":[{"href":"https:\/\/www.fsoe.ch\/index.php?rest_route=\/wp\/v2\/pages\/97","targetHints":{"allow":["GET"]}}],"collection":[{"href":"https:\/\/www.fsoe.ch\/index.php?rest_route=\/wp\/v2\/pages"}],"about":[{"href":"https:\/\/www.fsoe.ch\/index.php?rest_route=\/wp\/v2\/types\/page"}],"author":[{"embeddable":true,"href":"https:\/\/www.fsoe.ch\/index.php?rest_route=\/wp\/v2\/users\/1"}],"replies":[{"embeddable":true,"href":"https:\/\/www.fsoe.ch\/index.php?rest_route=%2Fwp%2Fv2%2Fcomments&post=97"}],"version-history":[{"count":4,"href":"https:\/\/www.fsoe.ch\/index.php?rest_route=\/wp\/v2\/pages\/97\/revisions"}],"predecessor-version":[{"id":111,"href":"https:\/\/www.fsoe.ch\/index.php?rest_route=\/wp\/v2\/pages\/97\/revisions\/111"}],"wp:featuredmedia":[{"embeddable":true,"href":"https:\/\/www.fsoe.ch\/index.php?rest_route=\/wp\/v2\/media\/25"}],"wp:attachment":[{"href":"https:\/\/www.fsoe.ch\/index.php?rest_route=%2Fwp%2Fv2%2Fmedia&parent=97"}],"curies":[{"name":"wp","href":"https:\/\/api.w.org\/{rel}","templated":true}]}}